{"id":119135,"date":"2023-02-01T10:56:42","date_gmt":"2023-02-01T10:56:42","guid":{"rendered":"https:\/\/www.ledap.sk\/o-nas\/"},"modified":"2025-01-04T17:32:40","modified_gmt":"2025-01-04T17:32:40","slug":"about","status":"publish","type":"page","link":"https:\/\/www.ledap.sk\/en\/about\/","title":{"rendered":"About"},"content":{"rendered":"<p>[vc_row row_height_percent=&#8221;0&#8243; override_padding=&#8221;yes&#8221; h_padding=&#8221;2&#8243; top_padding=&#8221;7&#8243; bottom_padding=&#8221;3&#8243; overlay_alpha=&#8221;100&#8243; gutter_size=&#8221;3&#8243; column_width_percent=&#8221;100&#8243; shift_y=&#8221;0&#8243; z_index=&#8221;0&#8243; changer_back_color=&#8221;yes&#8221; row_height_use_pixel=&#8221;&#8221; uncode_shortcode_id=&#8221;990814&#8243;][vc_column column_width_use_pixel=&#8221;yes&#8221; gutter_size=&#8221;3&#8243; style=&#8221;dark&#8221; overlay_alpha=&#8221;50&#8243; shift_x=&#8221;0&#8243; shift_y=&#8221;0&#8243; shift_y_down=&#8221;0&#8243; z_index=&#8221;0&#8243; medium_width=&#8221;0&#8243; mobile_width=&#8221;0&#8243; zoom_width=&#8221;0&#8243; zoom_height=&#8221;0&#8243; column_width_pixel=&#8221;900&#8243; uncode_shortcode_id=&#8221;106377&#8243;][vc_row_inner row_inner_height_percent=&#8221;0&#8243; overlay_alpha=&#8221;50&#8243; gutter_size=&#8221;3&#8243; shift_y=&#8221;0&#8243; row_height_use_pixel=&#8221;&#8221;][vc_column_inner column_width_percent=&#8221;100&#8243; align_horizontal=&#8221;align_center&#8221; gutter_size=&#8221;3&#8243; overlay_alpha=&#8221;50&#8243; shift_x=&#8221;0&#8243; shift_y=&#8221;0&#8243; shift_y_down=&#8221;0&#8243; z_index=&#8221;0&#8243; medium_width=&#8221;0&#8243; mobile_width=&#8221;0&#8243; zoom_width=&#8221;0&#8243; zoom_height=&#8221;0&#8243; width=&#8221;1\/1&#8243; uncode_shortcode_id=&#8221;205899&#8243; css=&#8221;.vc_custom_1675844218633{padding-bottom: 30px !important;}&#8221;][vc_custom_heading text_color=&#8221;color-xsdn&#8221; heading_semantic=&#8221;h1&#8243; text_size=&#8221;fontsize-338686&#8243; text_space=&#8221;fontspace-111509&#8243; css_animation=&#8221;parallax&#8221; parallax_intensity=&#8221;4&#8243; text_uppercase=&#8221;&#8221; uncode_shortcode_id=&#8221;131493&#8243; text_color_type=&#8221;uncode-palette&#8221;]About us[\/vc_custom_heading][\/vc_column_inner][\/vc_row_inner][vc_column_text text_lead=&#8221;yes&#8221; css_animation=&#8221;top-t-bottom&#8221; uncode_shortcode_id=&#8221;701628&#8243;]<strong>LEDAP s.r.o. <\/strong><span style=\"font-weight: 400;\">has been operating in the field of international truck transport <strong>since <\/strong><\/span><strong>1993<\/strong><span style=\"font-weight: 400;\"><strong>.<\/strong> Since then we were able to become <\/span><span style=\"font-weight: 400;\">a reliable<\/span><span style=\"font-weight: 400;\"> and\u00a0<\/span><strong>experienced<\/strong><span style=\"font-weight: 400;\"><strong> transport and forwarding company<\/strong>. With us you can deliver your goods safely and\u00a0on time. We use modern transport and forwading technologies, a quality fleet that meets even the <strong>highest quality criteria and standards<\/strong>, and a <strong>highly qualified team<\/strong> of co-workers in the transport industry.\u00a0<\/span><\/p>\n<p><span style=\"font-weight: 400;\"><strong>LEDAP s.r.o.<\/strong>\u00a0 <\/span><span style=\"font-weight: 400;\">is a company with a lot experience and professional approach in\u00a0transport and forwarding.<\/span>[\/vc_column_text][\/vc_column][\/vc_row][vc_row row_height_percent=&#8221;0&#8243; override_padding=&#8221;yes&#8221; h_padding=&#8221;2&#8243; top_padding=&#8221;0&#8243; bottom_padding=&#8221;4&#8243; back_color=&#8221;color-621883&#8243; overlay_alpha=&#8221;100&#8243; gutter_size=&#8221;3&#8243; column_width_percent=&#8221;100&#8243; shift_y=&#8221;0&#8243; z_index=&#8221;0&#8243; changer_back_color=&#8221;yes&#8221; row_height_use_pixel=&#8221;&#8221; uncode_shortcode_id=&#8221;797424&#8243; back_color_type=&#8221;uncode-palette&#8221;][vc_column column_width_use_pixel=&#8221;yes&#8221; gutter_size=&#8221;3&#8243; style=&#8221;dark&#8221; overlay_alpha=&#8221;50&#8243; shift_x=&#8221;0&#8243; shift_y=&#8221;0&#8243; shift_y_down=&#8221;0&#8243; z_index=&#8221;0&#8243; medium_width=&#8221;0&#8243; mobile_width=&#8221;0&#8243; zoom_width=&#8221;0&#8243; zoom_height=&#8221;0&#8243; column_width_pixel=&#8221;900&#8243; uncode_shortcode_id=&#8221;744656&#8243;][vc_single_image media=&#8221;118633&#8243; media_width_percent=&#8221;100&#8243; shape=&#8221;img-round&#8221; shadow=&#8221;yes&#8221; shadow_weight=&#8221;std&#8221; css_animation=&#8221;zoom-out&#8221; uncode_shortcode_id=&#8221;488384&#8243;][vc_column_text text_lead=&#8221;yes&#8221; css_animation=&#8221;top-t-bottom&#8221; uncode_shortcode_id=&#8221;101582&#8243; css=&#8221;.vc_custom_1677002838862{border-bottom-width: 40px !important;}&#8221;]<span style=\"font-weight: 400;\">We offer comprehensive services. We are able to fulfill almost all transport needs of our customers. We make sure that your goods arrive at demanded destination on time and without damage.\u00a0<\/span><\/p>\n<p><span style=\"font-weight: 400;\">Since its inception, <\/span><span style=\"font-weight: 400;\"><strong>LEDAP s.r.o.<\/strong>\u00a0<\/span><span style=\"font-weight: 400;\">is<\/span><span style=\"font-weight: 400;\"> under constant development\u00a0and the company responds to the <strong>growing demands<\/strong> and demands of customers by <strong>improving the services provided<\/strong>. Main goal of LEDAP s.r.o. is the continuous growth of services provided for regular and new customers.<\/span>[\/vc_column_text][\/vc_column][\/vc_row][vc_row row_height_percent=&#8221;0&#8243; override_padding=&#8221;yes&#8221; h_padding=&#8221;2&#8243; top_padding=&#8221;3&#8243; bottom_padding=&#8221;3&#8243; back_color=&#8221;color-xsdn&#8221; overlay_alpha=&#8221;100&#8243; gutter_size=&#8221;3&#8243; column_width_percent=&#8221;100&#8243; border_color=&#8221;color-gyho&#8221; border_style=&#8221;solid&#8221; shift_y=&#8221;0&#8243; z_index=&#8221;0&#8243; changer_back_color=&#8221;yes&#8221; uncode_shortcode_id=&#8221;748031&#8243; back_color_type=&#8221;uncode-palette&#8221; border_color_type=&#8221;uncode-palette&#8221;][vc_column column_width_percent=&#8221;100&#8243; align_horizontal=&#8221;align_center&#8221; gutter_size=&#8221;3&#8243; overlay_alpha=&#8221;100&#8243; shift_x=&#8221;0&#8243; shift_y=&#8221;0&#8243; shift_y_down=&#8221;0&#8243; z_index=&#8221;0&#8243; medium_width=&#8221;0&#8243; mobile_width=&#8221;0&#8243; zoom_width=&#8221;0&#8243; zoom_height=&#8221;0&#8243; width=&#8221;1\/1&#8243; uncode_shortcode_id=&#8221;197735&#8243;][vc_custom_heading heading_semantic=&#8221;h3&#8243; text_size=&#8221;h3&#8243; text_height=&#8221;fontheight-524109&#8243; css_animation=&#8221;typewriter&#8221; uncode_shortcode_id=&#8221;543772&#8243;]We operate in the following countries[\/vc_custom_heading][vc_column_text uncode_shortcode_id=&#8221;648097&#8243;]<span style=\"font-weight: 400;\">Poland, Czech Republic, Slovakia, Hungary, Romania, Greece, Denmark, Bulgaria, Austria, Germany, Slovenia, Italy, France, Spain, Belgium, Netherlands <\/span>[\/vc_column_text][\/vc_column][\/vc_row][vc_row row_height_percent=&#8221;0&#8243; back_color=&#8221;color-xsdn&#8221; overlay_alpha=&#8221;50&#8243; gutter_size=&#8221;3&#8243; column_width_percent=&#8221;100&#8243; shift_y=&#8221;0&#8243; z_index=&#8221;0&#8243; changer_back_color=&#8221;yes&#8221; uncode_shortcode_id=&#8221;147133&#8243; back_color_type=&#8221;uncode-palette&#8221;][vc_column column_width_use_pixel=&#8221;yes&#8221; gutter_size=&#8221;4&#8243; style=&#8221;light&#8221; overlay_alpha=&#8221;50&#8243; shift_x=&#8221;0&#8243; shift_y=&#8221;0&#8243; shift_y_down=&#8221;0&#8243; z_index=&#8221;0&#8243; medium_width=&#8221;0&#8243; mobile_width=&#8221;0&#8243; width=&#8221;1\/1&#8243; uncode_shortcode_id=&#8221;213905&#8243; column_width_pixel=&#8221;900&#8243;][vc_row_inner row_inner_height_percent=&#8221;0&#8243; overlay_alpha=&#8221;50&#8243; gutter_size=&#8221;3&#8243; shift_y=&#8221;0&#8243; z_index=&#8221;0&#8243; uncode_shortcode_id=&#8221;196276&#8243; css=&#8221;.vc_custom_1675254874923{padding-top: 40px !important;}&#8221;][vc_column_inner column_width_percent=&#8221;100&#8243; align_horizontal=&#8221;align_center&#8221; gutter_size=&#8221;4&#8243; style=&#8221;light&#8221; overlay_alpha=&#8221;50&#8243; shift_x=&#8221;0&#8243; shift_y=&#8221;0&#8243; shift_y_down=&#8221;0&#8243; z_index=&#8221;0&#8243; medium_width=&#8221;0&#8243; mobile_width=&#8221;0&#8243; width=&#8221;1\/1&#8243; uncode_shortcode_id=&#8221;168701&#8243;][vc_custom_heading text_size=&#8221;fontsize-210105&#8243; text_space=&#8221;fontspace-111509&#8243; css_animation=&#8221;top-t-bottom&#8221; text_uppercase=&#8221;&#8221; uncode_shortcode_id=&#8221;161978&#8243;]FAQ[\/vc_custom_heading][\/vc_column_inner][\/vc_row_inner][vc_accordion typography=&#8221;yes&#8221; active_tab=&#8221;0&#8243;][vc_accordion_tab gutter_size=&#8221;2&#8243; column_padding=&#8221;2&#8243; title=&#8221;Which countries do you ship goods to? In which countries do you operate as a freight forwarder?&#8221; tab_id=&#8221;d21d5937-3bb0-215556789140014837-5c05&#8243;][vc_column_text uncode_shortcode_id=&#8221;231917&#8243;]<span style=\"font-weight: 400;\">We operate mainly in the V4 countries, and in the territory of Europe. But, you can find our current activity in the &#8220;current freight activity&#8221; section. <\/span>[\/vc_column_text][\/vc_accordion_tab][vc_accordion_tab gutter_size=&#8221;2&#8243; column_padding=&#8221;2&#8243; title=&#8221;Can I order transport of goods more than a month in advance?&#8221; tab_id=&#8221;6dad8f3c-7309-815556789140014837-5c05&#8243;][vc_column_text uncode_shortcode_id=&#8221;357855&#8243;]<span style=\"font-weight: 400;\">Yes, that is possible.<\/span>[\/vc_column_text][\/vc_accordion_tab][vc_accordion_tab gutter_size=&#8221;2&#8243; column_padding=&#8221;2&#8243; title=&#8221;What types of transportation do you offer in your company?&#8221; tab_id=&#8221;9346230d-a835-915556789140014837-5c05&#8243;][vc_column_text uncode_shortcode_id=&#8221;134816&#8243;]<span style=\"font-weight: 400;\">Large volume transport &#8211; tandem JUMBO 120 M3 trucks with semi-trailers.<\/span>[\/vc_column_text][\/vc_accordion_tab][vc_accordion_tab gutter_size=&#8221;2&#8243; column_padding=&#8221;2&#8243; title=&#8221;How long does it take to ship goods within the EU and how much does it cost?&#8221; tab_id=&#8221;1555679162900-3-14837-5c05&#8243;][vc_column_text uncode_shortcode_id=&#8221;268733&#8243;]<span style=\"font-weight: 400;\">It depends on the distance and destination of the transport. You can request the shipping price using the <\/span>, <a class=\"ponuka_open\" href=\"#\">\u201cI want a quote\u201d<\/a> form.[\/vc_column_text][\/vc_accordion_tab][vc_accordion_tab gutter_size=&#8221;2&#8243; column_padding=&#8221;2&#8243; title=&#8221;Do you use monitoring systems and if so, do you offer your clients information about their goods at the time of shipment?&#8221; tab_id=&#8221;1675839908565-4-7&#8243;][vc_column_text uncode_shortcode_id=&#8221;185635&#8243;]<span style=\"font-weight: 400;\">Yes, we offer vehicle monitoring.<\/span>[\/vc_column_text][\/vc_accordion_tab][\/vc_accordion][\/vc_column][\/vc_row][vc_row row_height_percent=&#8221;0&#8243; override_padding=&#8221;yes&#8221; h_padding=&#8221;2&#8243; top_padding=&#8221;3&#8243; bottom_padding=&#8221;3&#8243; back_color=&#8221;color-xsdn&#8221; overlay_alpha=&#8221;100&#8243; gutter_size=&#8221;3&#8243; column_width_percent=&#8221;100&#8243; border_color=&#8221;color-gyho&#8221; border_style=&#8221;solid&#8221; shift_y=&#8221;0&#8243; z_index=&#8221;0&#8243; changer_back_color=&#8221;yes&#8221; uncode_shortcode_id=&#8221;748031&#8243; back_color_type=&#8221;uncode-palette&#8221; border_color_type=&#8221;uncode-palette&#8221;][vc_column column_width_percent=&#8221;100&#8243; align_horizontal=&#8221;align_center&#8221; gutter_size=&#8221;3&#8243; overlay_alpha=&#8221;100&#8243; shift_x=&#8221;0&#8243; shift_y=&#8221;0&#8243; shift_y_down=&#8221;0&#8243; z_index=&#8221;0&#8243; medium_width=&#8221;0&#8243; mobile_width=&#8221;0&#8243; zoom_width=&#8221;0&#8243; zoom_height=&#8221;0&#8243; width=&#8221;1\/1&#8243; uncode_shortcode_id=&#8221;197735&#8243;][vc_custom_heading heading_semantic=&#8221;h3&#8243; text_size=&#8221;h3&#8243; text_height=&#8221;fontheight-524109&#8243; css_animation=&#8221;typewriter&#8221; uncode_shortcode_id=&#8221;205377&#8243;]Trusted by those companies[\/vc_custom_heading][vc_gallery el_id=&#8221;gallery-85457&#8243; type=&#8221;carousel&#8221; medias=&#8221;118971,118973,118975,118977,118979&#8243; carousel_lg=&#8221;7&#8243; carousel_md=&#8221;5&#8243; carousel_sm=&#8221;3&#8243; gutter_size=&#8221;3&#8243; media_items=&#8221;media|nolink|original&#8221; carousel_v_align=&#8221;middle&#8221; carousel_interval=&#8221;0&#8243; carousel_navspeed=&#8221;400&#8243; carousel_loop=&#8221;yes&#8221; stage_padding=&#8221;0&#8243; single_overlay_opacity=&#8221;50&#8243; single_overlay_anim=&#8221;no&#8221; single_text_anim=&#8221;no&#8221; single_image_anim=&#8221;no&#8221; single_padding=&#8221;2&#8243; single_border=&#8221;yes&#8221; title=&#8221;Clients&#8221; uncode_shortcode_id=&#8221;213866&#8243;][\/vc_column][\/vc_row][vc_row row_height_percent=&#8221;50&#8243; override_padding=&#8221;yes&#8221; h_padding=&#8221;2&#8243; top_padding=&#8221;0&#8243; bottom_padding=&#8221;4&#8243; back_color=&#8221;color-xsdn&#8221; overlay_alpha=&#8221;50&#8243; gutter_size=&#8221;3&#8243; column_width_percent=&#8221;100&#8243; shift_y=&#8221;0&#8243; z_index=&#8221;0&#8243; changer_back_color=&#8221;yes&#8221; uncode_shortcode_id=&#8221;194720&#8243; back_color_type=&#8221;uncode-palette&#8221;][vc_column column_width_use_pixel=&#8221;yes&#8221; position_vertical=&#8221;middle&#8221; align_horizontal=&#8221;align_center&#8221; gutter_size=&#8221;3&#8243; overlay_alpha=&#8221;50&#8243; shift_x=&#8221;0&#8243; shift_y=&#8221;0&#8243; shift_y_down=&#8221;0&#8243; z_index=&#8221;0&#8243; medium_width=&#8221;0&#8243; mobile_width=&#8221;0&#8243; css_animation=&#8221;bottom-t-top&#8221; width=&#8221;1\/1&#8243; column_width_pixel=&#8221;900&#8243; uncode_shortcode_id=&#8221;408705&#8243;][vc_custom_heading heading_semantic=&#8221;h3&#8243; text_size=&#8221;fontsize-155944&#8243; css_animation=&#8221;typewriter&#8221; animation_speed=&#8221;700&#8243; uncode_shortcode_id=&#8221;581583&#8243;]You can work with us as well[\/vc_custom_heading][vc_button button_color=&#8221;accent&#8221; border_width=&#8221;0&#8243; css_animation=&#8221;zoom-in&#8221; link=&#8221;url:%2Fen%2Fcontact&#8221; button_color_type=&#8221;uncode-palette&#8221; uncode_shortcode_id=&#8221;478465&#8243;]Contact us[\/vc_button][\/vc_column][\/vc_row]<\/p>\n","protected":false},"excerpt":{"rendered":"<p>[vc_row row_height_percent=&#8221;0&#8243; override_padding=&#8221;yes&#8221; h_padding=&#8221;2&#8243; top_padding=&#8221;7&#8243; bottom_padding=&#8221;3&#8243; overlay_alpha=&#8221;100&#8243; gutter_size=&#8221;3&#8243; column_width_percent=&#8221;100&#8243; shift_y=&#8221;0&#8243; z_index=&#8221;0&#8243; changer_back_color=&#8221;yes&#8221; row_height_use_pixel=&#8221;&#8221; uncode_shortcode_id=&#8221;990814&#8243;][vc_column column_width_use_pixel=&#8221;yes&#8221; gutter_size=&#8221;3&#8243; style=&#8221;dark&#8221; overlay_alpha=&#8221;50&#8243; shift_x=&#8221;0&#8243; shift_y=&#8221;0&#8243; [&hellip;]<\/p>\n","protected":false},"author":1,"featured_media":0,"parent":0,"menu_order":0,"comment_status":"closed","ping_status":"closed","template":"","meta":{"inline_featured_image":false,"footnotes":""},"class_list":["post-119135","page","type-page","status-publish","hentry"],"yoast_head":"<!-- This site is optimized with the Yoast SEO plugin v21.4 - https:\/\/yoast.com\/wordpress\/plugins\/seo\/ -->\n<title>About - Ledap<\/title>\n<meta name=\"robots\" content=\"index, follow, max-snippet:-1, max-image-preview:large, max-video-preview:-1\" \/>\n<link rel=\"canonical\" href=\"https:\/\/www.ledap.sk\/en\/about\/\" \/>\n<meta property=\"og:locale\" content=\"en_US\" \/>\n<meta property=\"og:type\" content=\"article\" \/>\n<meta property=\"og:title\" content=\"About - Ledap\" \/>\n<meta property=\"og:description\" content=\"[vc_row row_height_percent=&#8221;0&#8243; override_padding=&#8221;yes&#8221; h_padding=&#8221;2&#8243; top_padding=&#8221;7&#8243; bottom_padding=&#8221;3&#8243; overlay_alpha=&#8221;100&#8243; gutter_size=&#8221;3&#8243; column_width_percent=&#8221;100&#8243; shift_y=&#8221;0&#8243; z_index=&#8221;0&#8243; changer_back_color=&#8221;yes&#8221; row_height_use_pixel=&#8221;&#8221; uncode_shortcode_id=&#8221;990814&#8243;][vc_column column_width_use_pixel=&#8221;yes&#8221; gutter_size=&#8221;3&#8243; style=&#8221;dark&#8221; overlay_alpha=&#8221;50&#8243; shift_x=&#8221;0&#8243; shift_y=&#8221;0&#8243; [&hellip;]\" \/>\n<meta property=\"og:url\" content=\"https:\/\/www.ledap.sk\/en\/about\/\" \/>\n<meta property=\"og:site_name\" content=\"Ledap\" \/>\n<meta property=\"article:modified_time\" content=\"2025-01-04T17:32:40+00:00\" \/>\n<meta name=\"twitter:card\" content=\"summary_large_image\" \/>\n<meta name=\"twitter:label1\" content=\"Est. reading time\" \/>\n\t<meta name=\"twitter:data1\" content=\"4 minutes\" \/>\n<script type=\"application\/ld+json\" class=\"yoast-schema-graph\">{\"@context\":\"https:\/\/schema.org\",\"@graph\":[{\"@type\":\"WebPage\",\"@id\":\"https:\/\/www.ledap.sk\/en\/about\/\",\"url\":\"https:\/\/www.ledap.sk\/en\/about\/\",\"name\":\"About - Ledap\",\"isPartOf\":{\"@id\":\"https:\/\/www.ledap.sk\/en\/#website\"},\"datePublished\":\"2023-02-01T10:56:42+00:00\",\"dateModified\":\"2025-01-04T17:32:40+00:00\",\"breadcrumb\":{\"@id\":\"https:\/\/www.ledap.sk\/en\/about\/#breadcrumb\"},\"inLanguage\":\"en-US\",\"potentialAction\":[{\"@type\":\"ReadAction\",\"target\":[\"https:\/\/www.ledap.sk\/en\/about\/\"]}]},{\"@type\":\"BreadcrumbList\",\"@id\":\"https:\/\/www.ledap.sk\/en\/about\/#breadcrumb\",\"itemListElement\":[{\"@type\":\"ListItem\",\"position\":1,\"name\":\"Domovsk\u00e1 str\u00e1nka\",\"item\":\"https:\/\/www.ledap.sk\/en\/\"},{\"@type\":\"ListItem\",\"position\":2,\"name\":\"About\"}]},{\"@type\":\"WebSite\",\"@id\":\"https:\/\/www.ledap.sk\/en\/#website\",\"url\":\"https:\/\/www.ledap.sk\/en\/\",\"name\":\"Ledap - Medzin\u00e1rodn\u00e1 kami\u00f3nov\u00e1 doprava\",\"description\":\"\",\"publisher\":{\"@id\":\"https:\/\/www.ledap.sk\/en\/#organization\"},\"potentialAction\":[{\"@type\":\"SearchAction\",\"target\":{\"@type\":\"EntryPoint\",\"urlTemplate\":\"https:\/\/www.ledap.sk\/en\/?s={search_term_string}\"},\"query-input\":\"required name=search_term_string\"}],\"inLanguage\":\"en-US\"},{\"@type\":\"Organization\",\"@id\":\"https:\/\/www.ledap.sk\/en\/#organization\",\"name\":\"Ledap s.r.o.\",\"url\":\"https:\/\/www.ledap.sk\/en\/\",\"logo\":{\"@type\":\"ImageObject\",\"inLanguage\":\"en-US\",\"@id\":\"https:\/\/www.ledap.sk\/en\/#\/schema\/logo\/image\/\",\"url\":\"https:\/\/www.ledap.sk\/wp-content\/uploads\/2023\/01\/ledap_logo2.svg\",\"contentUrl\":\"https:\/\/www.ledap.sk\/wp-content\/uploads\/2023\/01\/ledap_logo2.svg\",\"width\":161,\"height\":37,\"caption\":\"Ledap s.r.o.\"},\"image\":{\"@id\":\"https:\/\/www.ledap.sk\/en\/#\/schema\/logo\/image\/\"}}]}<\/script>\n<!-- \/ Yoast SEO plugin. -->","yoast_head_json":{"title":"About - Ledap","robots":{"index":"index","follow":"follow","max-snippet":"max-snippet:-1","max-image-preview":"max-image-preview:large","max-video-preview":"max-video-preview:-1"},"canonical":"https:\/\/www.ledap.sk\/en\/about\/","og_locale":"en_US","og_type":"article","og_title":"About - Ledap","og_description":"[vc_row row_height_percent=&#8221;0&#8243; override_padding=&#8221;yes&#8221; h_padding=&#8221;2&#8243; top_padding=&#8221;7&#8243; bottom_padding=&#8221;3&#8243; overlay_alpha=&#8221;100&#8243; gutter_size=&#8221;3&#8243; column_width_percent=&#8221;100&#8243; shift_y=&#8221;0&#8243; z_index=&#8221;0&#8243; changer_back_color=&#8221;yes&#8221; row_height_use_pixel=&#8221;&#8221; uncode_shortcode_id=&#8221;990814&#8243;][vc_column column_width_use_pixel=&#8221;yes&#8221; gutter_size=&#8221;3&#8243; style=&#8221;dark&#8221; overlay_alpha=&#8221;50&#8243; shift_x=&#8221;0&#8243; shift_y=&#8221;0&#8243; [&hellip;]","og_url":"https:\/\/www.ledap.sk\/en\/about\/","og_site_name":"Ledap","article_modified_time":"2025-01-04T17:32:40+00:00","twitter_card":"summary_large_image","twitter_misc":{"Est. reading time":"4 minutes"},"schema":{"@context":"https:\/\/schema.org","@graph":[{"@type":"WebPage","@id":"https:\/\/www.ledap.sk\/en\/about\/","url":"https:\/\/www.ledap.sk\/en\/about\/","name":"About - Ledap","isPartOf":{"@id":"https:\/\/www.ledap.sk\/en\/#website"},"datePublished":"2023-02-01T10:56:42+00:00","dateModified":"2025-01-04T17:32:40+00:00","breadcrumb":{"@id":"https:\/\/www.ledap.sk\/en\/about\/#breadcrumb"},"inLanguage":"en-US","potentialAction":[{"@type":"ReadAction","target":["https:\/\/www.ledap.sk\/en\/about\/"]}]},{"@type":"BreadcrumbList","@id":"https:\/\/www.ledap.sk\/en\/about\/#breadcrumb","itemListElement":[{"@type":"ListItem","position":1,"name":"Domovsk\u00e1 str\u00e1nka","item":"https:\/\/www.ledap.sk\/en\/"},{"@type":"ListItem","position":2,"name":"About"}]},{"@type":"WebSite","@id":"https:\/\/www.ledap.sk\/en\/#website","url":"https:\/\/www.ledap.sk\/en\/","name":"Ledap - Medzin\u00e1rodn\u00e1 kami\u00f3nov\u00e1 doprava","description":"","publisher":{"@id":"https:\/\/www.ledap.sk\/en\/#organization"},"potentialAction":[{"@type":"SearchAction","target":{"@type":"EntryPoint","urlTemplate":"https:\/\/www.ledap.sk\/en\/?s={search_term_string}"},"query-input":"required name=search_term_string"}],"inLanguage":"en-US"},{"@type":"Organization","@id":"https:\/\/www.ledap.sk\/en\/#organization","name":"Ledap s.r.o.","url":"https:\/\/www.ledap.sk\/en\/","logo":{"@type":"ImageObject","inLanguage":"en-US","@id":"https:\/\/www.ledap.sk\/en\/#\/schema\/logo\/image\/","url":"https:\/\/www.ledap.sk\/wp-content\/uploads\/2023\/01\/ledap_logo2.svg","contentUrl":"https:\/\/www.ledap.sk\/wp-content\/uploads\/2023\/01\/ledap_logo2.svg","width":161,"height":37,"caption":"Ledap s.r.o."},"image":{"@id":"https:\/\/www.ledap.sk\/en\/#\/schema\/logo\/image\/"}}]}},"_links":{"self":[{"href":"https:\/\/www.ledap.sk\/en\/wp-json\/wp\/v2\/pages\/119135","targetHints":{"allow":["GET"]}}],"collection":[{"href":"https:\/\/www.ledap.sk\/en\/wp-json\/wp\/v2\/pages"}],"about":[{"href":"https:\/\/www.ledap.sk\/en\/wp-json\/wp\/v2\/types\/page"}],"author":[{"embeddable":true,"href":"https:\/\/www.ledap.sk\/en\/wp-json\/wp\/v2\/users\/1"}],"replies":[{"embeddable":true,"href":"https:\/\/www.ledap.sk\/en\/wp-json\/wp\/v2\/comments?post=119135"}],"version-history":[{"count":8,"href":"https:\/\/www.ledap.sk\/en\/wp-json\/wp\/v2\/pages\/119135\/revisions"}],"predecessor-version":[{"id":119698,"href":"https:\/\/www.ledap.sk\/en\/wp-json\/wp\/v2\/pages\/119135\/revisions\/119698"}],"wp:attachment":[{"href":"https:\/\/www.ledap.sk\/en\/wp-json\/wp\/v2\/media?parent=119135"}],"curies":[{"name":"wp","href":"https:\/\/api.w.org\/{rel}","templated":true}]}}