{"id":119138,"date":"2023-01-03T17:01:17","date_gmt":"2023-01-03T17:01:17","guid":{"rendered":"https:\/\/www.ledap.sk\/vozovy-park\/"},"modified":"2023-10-24T12:30:49","modified_gmt":"2023-10-24T12:30:49","slug":"our-fleet","status":"publish","type":"page","link":"https:\/\/www.ledap.sk\/en\/our-fleet\/","title":{"rendered":"Our fleet"},"content":{"rendered":"<p>[vc_row row_height_percent=&#8221;100&#8243; back_color=&#8221;accent&#8221; back_image=&#8221;118634&#8243; kburns=&#8221;yes&#8221; overlay_color=&#8221;accent&#8221; overlay_alpha=&#8221;80&#8243; equal_height=&#8221;yes&#8221; gutter_size=&#8221;0&#8243; column_width_use_pixel=&#8221;yes&#8221; shift_y=&#8221;0&#8243; z_index=&#8221;0&#8243; row_name=&#8221;Welcome&#8221; uncode_shortcode_id=&#8221;196061&#8243; back_color_type=&#8221;uncode-palette&#8221; overlay_color_type=&#8221;uncode-palette&#8221;][vc_column column_width_use_pixel=&#8221;yes&#8221; position_vertical=&#8221;middle&#8221; align_horizontal=&#8221;align_center&#8221; gutter_size=&#8221;3&#8243; style=&#8221;dark&#8221; overlay_alpha=&#8221;50&#8243; shift_x=&#8221;0&#8243; shift_y=&#8221;0&#8243; shift_y_down=&#8221;0&#8243; z_index=&#8221;0&#8243; medium_width=&#8221;0&#8243; mobile_width=&#8221;0&#8243; width=&#8221;1\/1&#8243;][vc_row_inner row_inner_height_percent=&#8221;0&#8243; overlay_alpha=&#8221;50&#8243; gutter_size=&#8221;3&#8243; shift_y=&#8221;0&#8243; z_index=&#8221;0&#8243;][vc_column_inner column_width_percent=&#8221;100&#8243; position_vertical=&#8221;middle&#8221; align_horizontal=&#8221;align_center&#8221; gutter_size=&#8221;3&#8243; style=&#8221;dark&#8221; overlay_alpha=&#8221;50&#8243; shift_x=&#8221;0&#8243; shift_y=&#8221;0&#8243; shift_y_down=&#8221;0&#8243; z_index=&#8221;0&#8243; medium_width=&#8221;0&#8243; mobile_width=&#8221;0&#8243; width=&#8221;1\/1&#8243;][vc_custom_heading heading_semantic=&#8221;h1&#8243; text_size=&#8221;fontsize-445851&#8243; text_space=&#8221;fontspace-111509&#8243; css_animation=&#8221;top-t-bottom&#8221; animation_delay=&#8221;200&#8243; uncode_shortcode_id=&#8221;208264&#8243;]Our fleet[\/vc_custom_heading][\/vc_column_inner][\/vc_row_inner][vc_row_inner row_inner_height_percent=&#8221;0&#8243; overlay_alpha=&#8221;50&#8243; gutter_size=&#8221;3&#8243; shift_y=&#8221;0&#8243; z_index=&#8221;0&#8243;][vc_column_inner column_width_use_pixel=&#8221;yes&#8221; position_vertical=&#8221;middle&#8221; align_horizontal=&#8221;align_center&#8221; gutter_size=&#8221;3&#8243; style=&#8221;dark&#8221; overlay_alpha=&#8221;50&#8243; shift_x=&#8221;0&#8243; shift_y=&#8221;0&#8243; shift_y_down=&#8221;0&#8243; z_index=&#8221;0&#8243; medium_width=&#8221;0&#8243; mobile_width=&#8221;0&#8243; width=&#8221;1\/1&#8243; column_width_pixel=&#8221;740&#8243;][vc_column_text text_lead=&#8221;yes&#8221; css_animation=&#8221;bottom-t-top&#8221; animation_delay=&#8221;600&#8243; uncode_shortcode_id=&#8221;840489&#8243;]<span style=\"font-weight: 400;\">As a company specializing in large volume international transportation, we provide services using modern JUMBO road train trucks 15,4 m &#8211; 120 m3 &#8211; 22 tons. We also dispose of jumbo road train trucks with a payload of 10 and 13 tons.<\/span>[\/vc_column_text][vc_button outline=&#8221;yes&#8221; border_width=&#8221;0&#8243; css_animation=&#8221;bottom-t-top&#8221; animation_delay=&#8221;800&#8243; link=&#8221;url:%23statistics&#8221; uncode_shortcode_id=&#8221;203291&#8243;]See more[\/vc_button][\/vc_column_inner][\/vc_row_inner][\/vc_column][\/vc_row][vc_row unlock_row_content=&#8221;yes&#8221; row_height_percent=&#8221;0&#8243; override_padding=&#8221;yes&#8221; h_padding=&#8221;2&#8243; top_padding=&#8221;2&#8243; bottom_padding=&#8221;2&#8243; back_color=&#8221;color-621883&#8243; overlay_alpha=&#8221;0&#8243; gutter_size=&#8221;100&#8243; column_width_percent=&#8221;100&#8243; border_color=&#8221;color-gyho&#8221; border_style=&#8221;solid&#8221; shift_y=&#8221;0&#8243; z_index=&#8221;0&#8243; desktop_visibility=&#8221;yes&#8221; medium_visibility=&#8221;yes&#8221; mobile_visibility=&#8221;yes&#8221; style=&#8221;inherited&#8221; uncode_shortcode_id=&#8221;517259&#8243; back_color_type=&#8221;uncode-palette&#8221; border_color_type=&#8221;uncode-palette&#8221; el_id=&#8221;statistics&#8221; shape_dividers=&#8221;&#8221;][vc_column column_width_percent=&#8221;100&#8243; position_vertical=&#8221;middle&#8221; align_horizontal=&#8221;align_center&#8221; gutter_size=&#8221;2&#8243; override_padding=&#8221;yes&#8221; column_padding=&#8221;0&#8243; style=&#8221;dark&#8221; overlay_alpha=&#8221;100&#8243; shift_x=&#8221;0&#8243; shift_y=&#8221;0&#8243; shift_y_down=&#8221;0&#8243; z_index=&#8221;0&#8243; medium_width=&#8221;0&#8243; mobile_width=&#8221;0&#8243; zoom_width=&#8221;0&#8243; zoom_height=&#8221;0&#8243; width=&#8221;1\/1&#8243; uncode_shortcode_id=&#8221;377789&#8243;][vc_row_inner row_inner_height_percent=&#8221;1&#8243; overlay_alpha=&#8221;50&#8243; gutter_size=&#8221;3&#8243; shift_y=&#8221;0&#8243; z_index=&#8221;0&#8243; uncode_shortcode_id=&#8221;628447&#8243;][vc_column_inner column_width_percent=&#8221;100&#8243; position_vertical=&#8221;middle&#8221; align_horizontal=&#8221;align_center&#8221; gutter_size=&#8221;0&#8243; style=&#8221;dark&#8221; overlay_alpha=&#8221;50&#8243; shift_x=&#8221;0&#8243; shift_y=&#8221;0&#8243; shift_y_down=&#8221;0&#8243; z_index=&#8221;0&#8243; medium_width=&#8221;2&#8243; mobile_width=&#8221;0&#8243; zoom_width=&#8221;0&#8243; zoom_height=&#8221;0&#8243; width=&#8221;1\/4&#8243; uncode_shortcode_id=&#8221;133015&#8243;][uncode_counter value=&#8221;10&#8243; counter_color=&#8221;color-xsdn&#8221; size=&#8221;fontsize-155944&#8243; weight=&#8221;600&#8243; text=&#8221;employees&#8221; dimension=&#8221;h1&#8243; uncode_shortcode_id=&#8221;131823&#8243; counter_color_type=&#8221;uncode-palette&#8221;][\/vc_column_inner][vc_column_inner column_width_percent=&#8221;100&#8243; position_vertical=&#8221;middle&#8221; align_horizontal=&#8221;align_center&#8221; gutter_size=&#8221;0&#8243; style=&#8221;dark&#8221; overlay_alpha=&#8221;50&#8243; shift_x=&#8221;0&#8243; shift_y=&#8221;0&#8243; shift_y_down=&#8221;0&#8243; z_index=&#8221;0&#8243; medium_width=&#8221;2&#8243; mobile_width=&#8221;0&#8243; zoom_width=&#8221;0&#8243; zoom_height=&#8221;0&#8243; width=&#8221;1\/4&#8243;][uncode_counter value=&#8221;22&#8243; counter_color=&#8221;&#8221; size=&#8221;fontsize-155944&#8243; weight=&#8221;600&#8243; text=&#8221;tons transfered&#8221; dimension=&#8221;h1&#8243; uncode_shortcode_id=&#8221;101314&#8243; suffix=&#8221;t&#8221;][\/vc_column_inner][vc_column_inner column_width_percent=&#8221;100&#8243; position_vertical=&#8221;middle&#8221; align_horizontal=&#8221;align_center&#8221; gutter_size=&#8221;0&#8243; style=&#8221;dark&#8221; overlay_alpha=&#8221;50&#8243; shift_x=&#8221;0&#8243; shift_y=&#8221;0&#8243; shift_y_down=&#8221;0&#8243; z_index=&#8221;0&#8243; medium_width=&#8221;2&#8243; mobile_width=&#8221;0&#8243; zoom_width=&#8221;0&#8243; zoom_height=&#8221;0&#8243; width=&#8221;1\/4&#8243;][uncode_counter counter_color=&#8221;&#8221; size=&#8221;fontsize-155944&#8243; weight=&#8221;600&#8243; text=&#8221;shipment per year&#8221; dimension=&#8221;h1&#8243; uncode_shortcode_id=&#8221;742068&#8243; suffix=&#8221;+&#8221;][\/vc_column_inner][vc_column_inner column_width_percent=&#8221;100&#8243; position_vertical=&#8221;middle&#8221; align_horizontal=&#8221;align_center&#8221; gutter_size=&#8221;0&#8243; style=&#8221;dark&#8221; overlay_alpha=&#8221;50&#8243; shift_x=&#8221;0&#8243; shift_y=&#8221;0&#8243; shift_y_down=&#8221;0&#8243; z_index=&#8221;0&#8243; medium_width=&#8221;2&#8243; mobile_width=&#8221;0&#8243; zoom_width=&#8221;0&#8243; zoom_height=&#8221;0&#8243; width=&#8221;1\/4&#8243;][uncode_counter value=&#8221;800000&#8243; counter_color=&#8221;&#8221; size=&#8221;fontsize-155944&#8243; weight=&#8221;600&#8243; text=&#8221;per year&#8221; dimension=&#8221;h1&#8243; uncode_shortcode_id=&#8221;178810&#8243; suffix=&#8221;km&#8221;][\/vc_column_inner][\/vc_row_inner][\/vc_column][\/vc_row][vc_row unlock_row_content=&#8221;yes&#8221; row_height_percent=&#8221;0&#8243; override_padding=&#8221;yes&#8221; h_padding=&#8221;0&#8243; top_padding=&#8221;5&#8243; bottom_padding=&#8221;2&#8243; back_color=&#8221;color-xsdn&#8221; overlay_alpha=&#8221;50&#8243; gutter_size=&#8221;2&#8243; column_width_percent=&#8221;100&#8243; shift_y=&#8221;0&#8243; z_index=&#8221;0&#8243; uncode_shortcode_id=&#8221;762244&#8243; back_color_type=&#8221;uncode-palette&#8221; el_id=&#8221;vozovy_park&#8221;][vc_column column_width_percent=&#8221;100&#8243; align_horizontal=&#8221;align_center&#8221; gutter_size=&#8221;4&#8243; overlay_alpha=&#8221;50&#8243; shift_x=&#8221;0&#8243; shift_y=&#8221;0&#8243; shift_y_down=&#8221;0&#8243; z_index=&#8221;0&#8243; medium_width=&#8221;0&#8243; mobile_width=&#8221;0&#8243; css_animation=&#8221;top-t-bottom&#8221; width=&#8221;1\/1&#8243; uncode_shortcode_id=&#8221;656521&#8243;][vc_custom_heading text_size=&#8221;fontsize-155944&#8243; css_animation=&#8221;top-t-bottom&#8221; uncode_shortcode_id=&#8221;143748&#8243;]Catalog of vehicles[\/vc_custom_heading][uncode_index el_id=&#8221;index-635632968&#8243; index_type=&#8221;carousel&#8221; loop=&#8221;size:10|order_by:title|order:ASC|post_type:park|taxonomy_count:10&#8243; carousel_lg=&#8221;1&#8243; carousel_md=&#8221;1&#8243; carousel_sm=&#8221;1&#8243; gutter_size=&#8221;4&#8243; post_items=&#8221;media|featured|onpost|poster,date,title,text|excerpt|180,category|bordered|topright|hide-icon,spacer|one,sep-one|full,spacer_two|one,author|md_size|hide_qualification&#8221; park_items=&#8221;media|featured|nolink|poster,title,text|full&#8221; carousel_height=&#8221;equal&#8221; carousel_interval=&#8221;0&#8243; carousel_navspeed=&#8221;400&#8243; carousel_loop=&#8221;yes&#8221; carousel_overflow=&#8221;yes&#8221; carousel_dots=&#8221;yes&#8221; carousel_dots_space=&#8221;yes&#8221; carousel_dots_mobile=&#8221;yes&#8221; carousel_half_opacity=&#8221;yes&#8221; carousel_scaled=&#8221;yes&#8221; carousel_pointer_events=&#8221;yes&#8221; stage_padding=&#8221;65&#8243; single_back_color=&#8221;color-xsdn&#8221; single_shape=&#8221;round&#8221; single_overlay_color=&#8221;color-wayh&#8221; single_overlay_opacity=&#8221;50&#8243; single_text_visible=&#8221;yes&#8221; single_text_anim=&#8221;no&#8221; single_padding=&#8221;3&#8243; single_title_dimension=&#8221;h2&#8243; single_shadow=&#8221;yes&#8221; shadow_weight=&#8221;lg&#8221; single_border=&#8221;yes&#8221; lbox_skin=&#8221;white&#8221; lbox_gallery_arrows_bg=&#8221;semi-transparent&#8221; custom_cursor=&#8221;accent&#8221; uncode_shortcode_id=&#8221;716365&#8243; items=&#8221;eyIxMTg3MThfaSI6eyJzaW5nbGVfbGF5b3V0X3BhcmtfaXRlbXMiOiJtZWRpYXxmZWF0dXJlZHxub2xpbmt8b3JpZ2luYWwsdGl0bGUsdGV4dHxmdWxsIn19&#8243; el_class=&#8221;vozovy_park&#8221;][\/vc_column][\/vc_row][vc_row row_height_percent=&#8221;50&#8243; override_padding=&#8221;yes&#8221; h_padding=&#8221;2&#8243; top_padding=&#8221;5&#8243; bottom_padding=&#8221;5&#8243; overlay_alpha=&#8221;50&#8243; gutter_size=&#8221;3&#8243; column_width_percent=&#8221;100&#8243; shift_y=&#8221;0&#8243; z_index=&#8221;0&#8243; uncode_shortcode_id=&#8221;700998&#8243;][vc_column column_width_use_pixel=&#8221;yes&#8221; position_vertical=&#8221;middle&#8221; align_horizontal=&#8221;align_center&#8221; gutter_size=&#8221;3&#8243; overlay_alpha=&#8221;50&#8243; shift_x=&#8221;0&#8243; shift_y=&#8221;0&#8243; shift_y_down=&#8221;0&#8243; z_index=&#8221;0&#8243; medium_width=&#8221;0&#8243; mobile_width=&#8221;0&#8243; width=&#8221;1\/1&#8243; column_width_pixel=&#8221;900&#8243;][vc_custom_heading heading_semantic=&#8221;h3&#8243; text_size=&#8221;fontsize-155944&#8243; uncode_shortcode_id=&#8221;152432&#8243;]Are you interested in working with us[\/vc_custom_heading][vc_button button_color=&#8221;accent&#8221; border_width=&#8221;0&#8243; link=&#8221;url:%2Fen%2Fcontact|title:Kontakt&#8221; button_color_type=&#8221;uncode-palette&#8221; uncode_shortcode_id=&#8221;207541&#8243;]Contact us[\/vc_button][\/vc_column][\/vc_row]<\/p>\n","protected":false},"excerpt":{"rendered":"<p>[vc_row row_height_percent=&#8221;100&#8243; back_color=&#8221;accent&#8221; back_image=&#8221;118634&#8243; kburns=&#8221;yes&#8221; overlay_color=&#8221;accent&#8221; overlay_alpha=&#8221;80&#8243; equal_height=&#8221;yes&#8221; gutter_size=&#8221;0&#8243; column_width_use_pixel=&#8221;yes&#8221; shift_y=&#8221;0&#8243; z_index=&#8221;0&#8243; row_name=&#8221;Welcome&#8221; uncode_shortcode_id=&#8221;196061&#8243; back_color_type=&#8221;uncode-palette&#8221; overlay_color_type=&#8221;uncode-palette&#8221;][vc_column column_width_use_pixel=&#8221;yes&#8221; position_vertical=&#8221;middle&#8221; align_horizontal=&#8221;align_center&#8221; gutter_size=&#8221;3&#8243; [&hellip;]<\/p>\n","protected":false},"author":1,"featured_media":0,"parent":0,"menu_order":0,"comment_status":"closed","ping_status":"closed","template":"","meta":{"inline_featured_image":false,"footnotes":""},"class_list":["post-119138","page","type-page","status-publish","hentry"],"yoast_head":"<!-- This site is optimized with the Yoast SEO plugin v21.4 - https:\/\/yoast.com\/wordpress\/plugins\/seo\/ -->\n<title>Our fleet - Ledap<\/title>\n<meta name=\"robots\" content=\"index, follow, max-snippet:-1, max-image-preview:large, max-video-preview:-1\" \/>\n<link rel=\"canonical\" href=\"https:\/\/www.ledap.sk\/en\/our-fleet\/\" \/>\n<meta property=\"og:locale\" content=\"en_US\" \/>\n<meta property=\"og:type\" content=\"article\" \/>\n<meta property=\"og:title\" content=\"Our fleet - Ledap\" \/>\n<meta property=\"og:description\" content=\"[vc_row row_height_percent=&#8221;100&#8243; back_color=&#8221;accent&#8221; back_image=&#8221;118634&#8243; kburns=&#8221;yes&#8221; overlay_color=&#8221;accent&#8221; overlay_alpha=&#8221;80&#8243; equal_height=&#8221;yes&#8221; gutter_size=&#8221;0&#8243; column_width_use_pixel=&#8221;yes&#8221; shift_y=&#8221;0&#8243; z_index=&#8221;0&#8243; row_name=&#8221;Welcome&#8221; uncode_shortcode_id=&#8221;196061&#8243; back_color_type=&#8221;uncode-palette&#8221; overlay_color_type=&#8221;uncode-palette&#8221;][vc_column column_width_use_pixel=&#8221;yes&#8221; position_vertical=&#8221;middle&#8221; align_horizontal=&#8221;align_center&#8221; gutter_size=&#8221;3&#8243; [&hellip;]\" \/>\n<meta property=\"og:url\" content=\"https:\/\/www.ledap.sk\/en\/our-fleet\/\" \/>\n<meta property=\"og:site_name\" content=\"Ledap\" \/>\n<meta property=\"article:modified_time\" content=\"2023-10-24T12:30:49+00:00\" \/>\n<meta name=\"twitter:card\" content=\"summary_large_image\" \/>\n<meta name=\"twitter:label1\" content=\"Est. reading time\" \/>\n\t<meta name=\"twitter:data1\" content=\"3 minutes\" \/>\n<script type=\"application\/ld+json\" class=\"yoast-schema-graph\">{\"@context\":\"https:\/\/schema.org\",\"@graph\":[{\"@type\":\"WebPage\",\"@id\":\"https:\/\/www.ledap.sk\/en\/our-fleet\/\",\"url\":\"https:\/\/www.ledap.sk\/en\/our-fleet\/\",\"name\":\"Our fleet - Ledap\",\"isPartOf\":{\"@id\":\"https:\/\/www.ledap.sk\/en\/#website\"},\"datePublished\":\"2023-01-03T17:01:17+00:00\",\"dateModified\":\"2023-10-24T12:30:49+00:00\",\"breadcrumb\":{\"@id\":\"https:\/\/www.ledap.sk\/en\/our-fleet\/#breadcrumb\"},\"inLanguage\":\"en-US\",\"potentialAction\":[{\"@type\":\"ReadAction\",\"target\":[\"https:\/\/www.ledap.sk\/en\/our-fleet\/\"]}]},{\"@type\":\"BreadcrumbList\",\"@id\":\"https:\/\/www.ledap.sk\/en\/our-fleet\/#breadcrumb\",\"itemListElement\":[{\"@type\":\"ListItem\",\"position\":1,\"name\":\"Domovsk\u00e1 str\u00e1nka\",\"item\":\"https:\/\/www.ledap.sk\/en\/\"},{\"@type\":\"ListItem\",\"position\":2,\"name\":\"Our fleet\"}]},{\"@type\":\"WebSite\",\"@id\":\"https:\/\/www.ledap.sk\/en\/#website\",\"url\":\"https:\/\/www.ledap.sk\/en\/\",\"name\":\"Ledap - Medzin\u00e1rodn\u00e1 kami\u00f3nov\u00e1 doprava\",\"description\":\"\",\"publisher\":{\"@id\":\"https:\/\/www.ledap.sk\/en\/#organization\"},\"potentialAction\":[{\"@type\":\"SearchAction\",\"target\":{\"@type\":\"EntryPoint\",\"urlTemplate\":\"https:\/\/www.ledap.sk\/en\/?s={search_term_string}\"},\"query-input\":\"required name=search_term_string\"}],\"inLanguage\":\"en-US\"},{\"@type\":\"Organization\",\"@id\":\"https:\/\/www.ledap.sk\/en\/#organization\",\"name\":\"Ledap s.r.o.\",\"url\":\"https:\/\/www.ledap.sk\/en\/\",\"logo\":{\"@type\":\"ImageObject\",\"inLanguage\":\"en-US\",\"@id\":\"https:\/\/www.ledap.sk\/en\/#\/schema\/logo\/image\/\",\"url\":\"https:\/\/www.ledap.sk\/wp-content\/uploads\/2023\/01\/ledap_logo2.svg\",\"contentUrl\":\"https:\/\/www.ledap.sk\/wp-content\/uploads\/2023\/01\/ledap_logo2.svg\",\"width\":161,\"height\":37,\"caption\":\"Ledap s.r.o.\"},\"image\":{\"@id\":\"https:\/\/www.ledap.sk\/en\/#\/schema\/logo\/image\/\"}}]}<\/script>\n<!-- \/ Yoast SEO plugin. -->","yoast_head_json":{"title":"Our fleet - Ledap","robots":{"index":"index","follow":"follow","max-snippet":"max-snippet:-1","max-image-preview":"max-image-preview:large","max-video-preview":"max-video-preview:-1"},"canonical":"https:\/\/www.ledap.sk\/en\/our-fleet\/","og_locale":"en_US","og_type":"article","og_title":"Our fleet - Ledap","og_description":"[vc_row row_height_percent=&#8221;100&#8243; back_color=&#8221;accent&#8221; back_image=&#8221;118634&#8243; kburns=&#8221;yes&#8221; overlay_color=&#8221;accent&#8221; overlay_alpha=&#8221;80&#8243; equal_height=&#8221;yes&#8221; gutter_size=&#8221;0&#8243; column_width_use_pixel=&#8221;yes&#8221; shift_y=&#8221;0&#8243; z_index=&#8221;0&#8243; row_name=&#8221;Welcome&#8221; uncode_shortcode_id=&#8221;196061&#8243; back_color_type=&#8221;uncode-palette&#8221; overlay_color_type=&#8221;uncode-palette&#8221;][vc_column column_width_use_pixel=&#8221;yes&#8221; position_vertical=&#8221;middle&#8221; align_horizontal=&#8221;align_center&#8221; gutter_size=&#8221;3&#8243; [&hellip;]","og_url":"https:\/\/www.ledap.sk\/en\/our-fleet\/","og_site_name":"Ledap","article_modified_time":"2023-10-24T12:30:49+00:00","twitter_card":"summary_large_image","twitter_misc":{"Est. reading time":"3 minutes"},"schema":{"@context":"https:\/\/schema.org","@graph":[{"@type":"WebPage","@id":"https:\/\/www.ledap.sk\/en\/our-fleet\/","url":"https:\/\/www.ledap.sk\/en\/our-fleet\/","name":"Our fleet - Ledap","isPartOf":{"@id":"https:\/\/www.ledap.sk\/en\/#website"},"datePublished":"2023-01-03T17:01:17+00:00","dateModified":"2023-10-24T12:30:49+00:00","breadcrumb":{"@id":"https:\/\/www.ledap.sk\/en\/our-fleet\/#breadcrumb"},"inLanguage":"en-US","potentialAction":[{"@type":"ReadAction","target":["https:\/\/www.ledap.sk\/en\/our-fleet\/"]}]},{"@type":"BreadcrumbList","@id":"https:\/\/www.ledap.sk\/en\/our-fleet\/#breadcrumb","itemListElement":[{"@type":"ListItem","position":1,"name":"Domovsk\u00e1 str\u00e1nka","item":"https:\/\/www.ledap.sk\/en\/"},{"@type":"ListItem","position":2,"name":"Our fleet"}]},{"@type":"WebSite","@id":"https:\/\/www.ledap.sk\/en\/#website","url":"https:\/\/www.ledap.sk\/en\/","name":"Ledap - Medzin\u00e1rodn\u00e1 kami\u00f3nov\u00e1 doprava","description":"","publisher":{"@id":"https:\/\/www.ledap.sk\/en\/#organization"},"potentialAction":[{"@type":"SearchAction","target":{"@type":"EntryPoint","urlTemplate":"https:\/\/www.ledap.sk\/en\/?s={search_term_string}"},"query-input":"required name=search_term_string"}],"inLanguage":"en-US"},{"@type":"Organization","@id":"https:\/\/www.ledap.sk\/en\/#organization","name":"Ledap s.r.o.","url":"https:\/\/www.ledap.sk\/en\/","logo":{"@type":"ImageObject","inLanguage":"en-US","@id":"https:\/\/www.ledap.sk\/en\/#\/schema\/logo\/image\/","url":"https:\/\/www.ledap.sk\/wp-content\/uploads\/2023\/01\/ledap_logo2.svg","contentUrl":"https:\/\/www.ledap.sk\/wp-content\/uploads\/2023\/01\/ledap_logo2.svg","width":161,"height":37,"caption":"Ledap s.r.o."},"image":{"@id":"https:\/\/www.ledap.sk\/en\/#\/schema\/logo\/image\/"}}]}},"_links":{"self":[{"href":"https:\/\/www.ledap.sk\/en\/wp-json\/wp\/v2\/pages\/119138","targetHints":{"allow":["GET"]}}],"collection":[{"href":"https:\/\/www.ledap.sk\/en\/wp-json\/wp\/v2\/pages"}],"about":[{"href":"https:\/\/www.ledap.sk\/en\/wp-json\/wp\/v2\/types\/page"}],"author":[{"embeddable":true,"href":"https:\/\/www.ledap.sk\/en\/wp-json\/wp\/v2\/users\/1"}],"replies":[{"embeddable":true,"href":"https:\/\/www.ledap.sk\/en\/wp-json\/wp\/v2\/comments?post=119138"}],"version-history":[{"count":12,"href":"https:\/\/www.ledap.sk\/en\/wp-json\/wp\/v2\/pages\/119138\/revisions"}],"predecessor-version":[{"id":119396,"href":"https:\/\/www.ledap.sk\/en\/wp-json\/wp\/v2\/pages\/119138\/revisions\/119396"}],"wp:attachment":[{"href":"https:\/\/www.ledap.sk\/en\/wp-json\/wp\/v2\/media?parent=119138"}],"curies":[{"name":"wp","href":"https:\/\/api.w.org\/{rel}","templated":true}]}}