{"id":119314,"date":"2023-01-03T16:18:36","date_gmt":"2023-01-03T16:18:36","guid":{"rendered":"https:\/\/www.ledap.sk\/blog-2\/"},"modified":"2023-10-02T14:07:29","modified_gmt":"2023-10-02T14:07:29","slug":"blog","status":"publish","type":"page","link":"https:\/\/www.ledap.sk\/en\/blog\/","title":{"rendered":"Blog"},"content":{"rendered":"<p>[vc_row row_height_percent=&#8221;40&#8243; back_color=&#8221;accent&#8221; back_image=&#8221;118646&#8243; kburns=&#8221;zoom&#8221; overlay_color=&#8221;accent&#8221; overlay_alpha=&#8221;80&#8243; equal_height=&#8221;yes&#8221; gutter_size=&#8221;0&#8243; column_width_use_pixel=&#8221;yes&#8221; shift_y=&#8221;0&#8243; z_index=&#8221;0&#8243; row_name=&#8221;Welcome&#8221; uncode_shortcode_id=&#8221;168340&#8243; back_color_type=&#8221;uncode-palette&#8221; overlay_color_type=&#8221;uncode-palette&#8221;][vc_column column_width_use_pixel=&#8221;yes&#8221; position_vertical=&#8221;middle&#8221; align_horizontal=&#8221;align_center&#8221; gutter_size=&#8221;3&#8243; style=&#8221;dark&#8221; overlay_alpha=&#8221;50&#8243; shift_x=&#8221;0&#8243; shift_y=&#8221;0&#8243; shift_y_down=&#8221;0&#8243; z_index=&#8221;0&#8243; medium_width=&#8221;0&#8243; mobile_width=&#8221;0&#8243; width=&#8221;1\/1&#8243;][vc_row_inner row_inner_height_percent=&#8221;0&#8243; overlay_alpha=&#8221;50&#8243; gutter_size=&#8221;3&#8243; shift_y=&#8221;0&#8243; z_index=&#8221;0&#8243;][vc_column_inner column_width_percent=&#8221;100&#8243; position_vertical=&#8221;middle&#8221; align_horizontal=&#8221;align_center&#8221; gutter_size=&#8221;3&#8243; style=&#8221;dark&#8221; overlay_alpha=&#8221;50&#8243; shift_x=&#8221;0&#8243; shift_y=&#8221;0&#8243; shift_y_down=&#8221;0&#8243; z_index=&#8221;0&#8243; medium_width=&#8221;0&#8243; mobile_width=&#8221;0&#8243; width=&#8221;1\/1&#8243; uncode_shortcode_id=&#8221;120840&#8243;][vc_custom_heading heading_semantic=&#8221;h1&#8243; text_size=&#8221;fontsize-338686&#8243; text_space=&#8221;fontspace-111509&#8243; css_animation=&#8221;top-t-bottom&#8221; animation_delay=&#8221;200&#8243; uncode_shortcode_id=&#8221;593888&#8243;]Blog[\/vc_custom_heading][\/vc_column_inner][\/vc_row_inner][\/vc_column][\/vc_row][vc_row unlock_row_content=&#8221;yes&#8221; row_height_percent=&#8221;100&#8243; override_padding=&#8221;yes&#8221; h_padding=&#8221;0&#8243; top_padding=&#8221;0&#8243; bottom_padding=&#8221;0&#8243; back_color=&#8221;color-210407&#8243; overlay_alpha=&#8221;50&#8243; gutter_size=&#8221;3&#8243; column_width_percent=&#8221;100&#8243; shift_y=&#8221;0&#8243; z_index=&#8221;0&#8243; uncode_shortcode_id=&#8221;566359&#8243; back_color_type=&#8221;uncode-palette&#8221;][vc_column width=&#8221;1\/1&#8243;][vc_row_inner row_inner_height_percent=&#8221;0&#8243; overlay_alpha=&#8221;50&#8243; equal_height=&#8221;yes&#8221; gutter_size=&#8221;0&#8243; shift_y=&#8221;0&#8243;][vc_column_inner column_width_percent=&#8221;100&#8243; gutter_size=&#8221;3&#8243; override_padding=&#8221;yes&#8221; column_padding=&#8221;0&#8243; overlay_alpha=&#8221;50&#8243; shift_x=&#8221;0&#8243; shift_y=&#8221;0&#8243; shift_y_down=&#8221;0&#8243; z_index=&#8221;0&#8243; medium_width=&#8221;0&#8243; mobile_width=&#8221;0&#8243; sticky=&#8221;yes&#8221; width=&#8221;1\/2&#8243; el_class=&#8221;is_stucked&#8221;][uncode_index el_id=&#8221;index-1&#8243; loop=&#8221;size:1|order_by:date|post_type:post&#8221; style_preset=&#8221;metro&#8221; single_height_viewport=&#8221;yes&#8221; screen_lg=&#8221;100&#8243; screen_md=&#8221;100&#8243; screen_sm=&#8221;100&#8243; gutter_size=&#8221;3&#8243; post_items=&#8221;media|featured|onpost|original,date,title,text|excerpt|120&#8243; single_text=&#8221;overlay&#8221; single_width=&#8221;12&#8243; single_fluid_height=&#8221;100&#8243; single_overlay_color=&#8221;color-wayh&#8221; single_overlay_coloration=&#8221;bottom_gradient&#8221; single_overlay_opacity=&#8221;100&#8243; single_overlay_visible=&#8221;yes&#8221; single_overlay_anim=&#8221;no&#8221; single_text_visible=&#8221;yes&#8221; single_text_anim=&#8221;no&#8221; single_v_position=&#8221;bottom&#8221; single_reduced=&#8221;three_quarter&#8221; single_padding=&#8221;3&#8243; single_title_dimension=&#8221;fontsize-155944&#8243; single_border=&#8221;yes&#8221; single_css_animation=&#8221;alpha-anim&#8221; single_animation_delay=&#8221;200&#8243; single_image_anim_move=&#8221;yes&#8221;][\/vc_column_inner][vc_column_inner column_width_percent=&#8221;100&#8243; gutter_size=&#8221;3&#8243; override_padding=&#8221;yes&#8221; column_padding=&#8221;3&#8243; back_color=&#8221;color-xsdn&#8221; overlay_alpha=&#8221;50&#8243; shift_x=&#8221;0&#8243; shift_y=&#8221;0&#8243; shift_y_down=&#8221;0&#8243; z_index=&#8221;0&#8243; medium_width=&#8221;0&#8243; mobile_width=&#8221;0&#8243; width=&#8221;1\/2&#8243; el_class=&#8221;remove-top-padding&#8221;][uncode_index el_id=&#8221;index-2&#8243; isotope_mode=&#8221;fitRows&#8221; loop=&#8221;size:All|order_by:date|post_type:post&#8221; screen_lg=&#8221;600&#8243; screen_md=&#8221;480&#8243; screen_sm=&#8221;480&#8243; gutter_size=&#8221;4&#8243; post_items=&#8221;media|featured|onpost|poster,date,title,text|excerpt|80,category|bordered|topright|display-icon&#8221; single_width=&#8221;6&#8243; images_size=&#8221;four-three&#8221; single_overlay_color=&#8221;color-wayh&#8221; single_overlay_opacity=&#8221;50&#8243; single_overlay_anim=&#8221;no&#8221; single_text_visible=&#8221;yes&#8221; single_text_anim=&#8221;no&#8221; single_padding=&#8221;1&#8243; single_title_dimension=&#8221;h4&#8243; single_border=&#8221;yes&#8221; single_css_animation=&#8221;bottom-t-top&#8221; single_animation_delay=&#8221;200&#8243; post_matrix=&#8221;matrix&#8221; matrix_amount=&#8221;2&#8243; single_image_anim_move=&#8221;yes&#8221; offset=&#8221;1&#8243; matrix_items=&#8221;e30=&#8221;][\/vc_column_inner][\/vc_row_inner][\/vc_column][\/vc_row]<\/p>\n","protected":false},"excerpt":{"rendered":"<p>[vc_row row_height_percent=&#8221;40&#8243; back_color=&#8221;accent&#8221; back_image=&#8221;118646&#8243; kburns=&#8221;zoom&#8221; overlay_color=&#8221;accent&#8221; overlay_alpha=&#8221;80&#8243; equal_height=&#8221;yes&#8221; gutter_size=&#8221;0&#8243; column_width_use_pixel=&#8221;yes&#8221; shift_y=&#8221;0&#8243; z_index=&#8221;0&#8243; row_name=&#8221;Welcome&#8221; uncode_shortcode_id=&#8221;168340&#8243; back_color_type=&#8221;uncode-palette&#8221; overlay_color_type=&#8221;uncode-palette&#8221;][vc_column column_width_use_pixel=&#8221;yes&#8221; position_vertical=&#8221;middle&#8221; align_horizontal=&#8221;align_center&#8221; gutter_size=&#8221;3&#8243; [&hellip;]<\/p>\n","protected":false},"author":1,"featured_media":0,"parent":0,"menu_order":0,"comment_status":"closed","ping_status":"closed","template":"","meta":{"inline_featured_image":false,"footnotes":""},"class_list":["post-119314","page","type-page","status-publish","hentry"],"yoast_head":"<!-- This site is optimized with the Yoast SEO plugin v21.4 - https:\/\/yoast.com\/wordpress\/plugins\/seo\/ -->\n<title>Blog - Ledap<\/title>\n<meta name=\"robots\" content=\"index, follow, max-snippet:-1, max-image-preview:large, max-video-preview:-1\" \/>\n<link rel=\"canonical\" href=\"https:\/\/www.ledap.sk\/en\/blog\/\" \/>\n<meta property=\"og:locale\" content=\"en_US\" \/>\n<meta property=\"og:type\" content=\"article\" \/>\n<meta property=\"og:title\" content=\"Blog - Ledap\" \/>\n<meta property=\"og:description\" content=\"[vc_row row_height_percent=&#8221;40&#8243; back_color=&#8221;accent&#8221; back_image=&#8221;118646&#8243; kburns=&#8221;zoom&#8221; overlay_color=&#8221;accent&#8221; overlay_alpha=&#8221;80&#8243; equal_height=&#8221;yes&#8221; gutter_size=&#8221;0&#8243; column_width_use_pixel=&#8221;yes&#8221; shift_y=&#8221;0&#8243; z_index=&#8221;0&#8243; row_name=&#8221;Welcome&#8221; uncode_shortcode_id=&#8221;168340&#8243; back_color_type=&#8221;uncode-palette&#8221; overlay_color_type=&#8221;uncode-palette&#8221;][vc_column column_width_use_pixel=&#8221;yes&#8221; position_vertical=&#8221;middle&#8221; align_horizontal=&#8221;align_center&#8221; gutter_size=&#8221;3&#8243; [&hellip;]\" \/>\n<meta property=\"og:url\" content=\"https:\/\/www.ledap.sk\/en\/blog\/\" \/>\n<meta property=\"og:site_name\" content=\"Ledap\" \/>\n<meta property=\"article:modified_time\" content=\"2023-10-02T14:07:29+00:00\" \/>\n<meta name=\"twitter:card\" content=\"summary_large_image\" \/>\n<meta name=\"twitter:label1\" content=\"Est. reading time\" \/>\n\t<meta name=\"twitter:data1\" content=\"1 minute\" \/>\n<script type=\"application\/ld+json\" class=\"yoast-schema-graph\">{\"@context\":\"https:\/\/schema.org\",\"@graph\":[{\"@type\":\"WebPage\",\"@id\":\"https:\/\/www.ledap.sk\/en\/blog\/\",\"url\":\"https:\/\/www.ledap.sk\/en\/blog\/\",\"name\":\"Blog - Ledap\",\"isPartOf\":{\"@id\":\"https:\/\/www.ledap.sk\/en\/#website\"},\"datePublished\":\"2023-01-03T16:18:36+00:00\",\"dateModified\":\"2023-10-02T14:07:29+00:00\",\"breadcrumb\":{\"@id\":\"https:\/\/www.ledap.sk\/en\/blog\/#breadcrumb\"},\"inLanguage\":\"en-US\",\"potentialAction\":[{\"@type\":\"ReadAction\",\"target\":[\"https:\/\/www.ledap.sk\/en\/blog\/\"]}]},{\"@type\":\"BreadcrumbList\",\"@id\":\"https:\/\/www.ledap.sk\/en\/blog\/#breadcrumb\",\"itemListElement\":[{\"@type\":\"ListItem\",\"position\":1,\"name\":\"Domovsk\u00e1 str\u00e1nka\",\"item\":\"https:\/\/www.ledap.sk\/en\/\"},{\"@type\":\"ListItem\",\"position\":2,\"name\":\"Blog\"}]},{\"@type\":\"WebSite\",\"@id\":\"https:\/\/www.ledap.sk\/en\/#website\",\"url\":\"https:\/\/www.ledap.sk\/en\/\",\"name\":\"Ledap - Medzin\u00e1rodn\u00e1 kami\u00f3nov\u00e1 doprava\",\"description\":\"\",\"publisher\":{\"@id\":\"https:\/\/www.ledap.sk\/en\/#organization\"},\"potentialAction\":[{\"@type\":\"SearchAction\",\"target\":{\"@type\":\"EntryPoint\",\"urlTemplate\":\"https:\/\/www.ledap.sk\/en\/?s={search_term_string}\"},\"query-input\":\"required name=search_term_string\"}],\"inLanguage\":\"en-US\"},{\"@type\":\"Organization\",\"@id\":\"https:\/\/www.ledap.sk\/en\/#organization\",\"name\":\"Ledap s.r.o.\",\"url\":\"https:\/\/www.ledap.sk\/en\/\",\"logo\":{\"@type\":\"ImageObject\",\"inLanguage\":\"en-US\",\"@id\":\"https:\/\/www.ledap.sk\/en\/#\/schema\/logo\/image\/\",\"url\":\"https:\/\/www.ledap.sk\/wp-content\/uploads\/2023\/01\/ledap_logo2.svg\",\"contentUrl\":\"https:\/\/www.ledap.sk\/wp-content\/uploads\/2023\/01\/ledap_logo2.svg\",\"width\":161,\"height\":37,\"caption\":\"Ledap s.r.o.\"},\"image\":{\"@id\":\"https:\/\/www.ledap.sk\/en\/#\/schema\/logo\/image\/\"}}]}<\/script>\n<!-- \/ Yoast SEO plugin. -->","yoast_head_json":{"title":"Blog - Ledap","robots":{"index":"index","follow":"follow","max-snippet":"max-snippet:-1","max-image-preview":"max-image-preview:large","max-video-preview":"max-video-preview:-1"},"canonical":"https:\/\/www.ledap.sk\/en\/blog\/","og_locale":"en_US","og_type":"article","og_title":"Blog - Ledap","og_description":"[vc_row row_height_percent=&#8221;40&#8243; back_color=&#8221;accent&#8221; back_image=&#8221;118646&#8243; kburns=&#8221;zoom&#8221; overlay_color=&#8221;accent&#8221; overlay_alpha=&#8221;80&#8243; equal_height=&#8221;yes&#8221; gutter_size=&#8221;0&#8243; column_width_use_pixel=&#8221;yes&#8221; shift_y=&#8221;0&#8243; z_index=&#8221;0&#8243; row_name=&#8221;Welcome&#8221; uncode_shortcode_id=&#8221;168340&#8243; back_color_type=&#8221;uncode-palette&#8221; overlay_color_type=&#8221;uncode-palette&#8221;][vc_column column_width_use_pixel=&#8221;yes&#8221; position_vertical=&#8221;middle&#8221; align_horizontal=&#8221;align_center&#8221; gutter_size=&#8221;3&#8243; [&hellip;]","og_url":"https:\/\/www.ledap.sk\/en\/blog\/","og_site_name":"Ledap","article_modified_time":"2023-10-02T14:07:29+00:00","twitter_card":"summary_large_image","twitter_misc":{"Est. reading time":"1 minute"},"schema":{"@context":"https:\/\/schema.org","@graph":[{"@type":"WebPage","@id":"https:\/\/www.ledap.sk\/en\/blog\/","url":"https:\/\/www.ledap.sk\/en\/blog\/","name":"Blog - Ledap","isPartOf":{"@id":"https:\/\/www.ledap.sk\/en\/#website"},"datePublished":"2023-01-03T16:18:36+00:00","dateModified":"2023-10-02T14:07:29+00:00","breadcrumb":{"@id":"https:\/\/www.ledap.sk\/en\/blog\/#breadcrumb"},"inLanguage":"en-US","potentialAction":[{"@type":"ReadAction","target":["https:\/\/www.ledap.sk\/en\/blog\/"]}]},{"@type":"BreadcrumbList","@id":"https:\/\/www.ledap.sk\/en\/blog\/#breadcrumb","itemListElement":[{"@type":"ListItem","position":1,"name":"Domovsk\u00e1 str\u00e1nka","item":"https:\/\/www.ledap.sk\/en\/"},{"@type":"ListItem","position":2,"name":"Blog"}]},{"@type":"WebSite","@id":"https:\/\/www.ledap.sk\/en\/#website","url":"https:\/\/www.ledap.sk\/en\/","name":"Ledap - Medzin\u00e1rodn\u00e1 kami\u00f3nov\u00e1 doprava","description":"","publisher":{"@id":"https:\/\/www.ledap.sk\/en\/#organization"},"potentialAction":[{"@type":"SearchAction","target":{"@type":"EntryPoint","urlTemplate":"https:\/\/www.ledap.sk\/en\/?s={search_term_string}"},"query-input":"required name=search_term_string"}],"inLanguage":"en-US"},{"@type":"Organization","@id":"https:\/\/www.ledap.sk\/en\/#organization","name":"Ledap s.r.o.","url":"https:\/\/www.ledap.sk\/en\/","logo":{"@type":"ImageObject","inLanguage":"en-US","@id":"https:\/\/www.ledap.sk\/en\/#\/schema\/logo\/image\/","url":"https:\/\/www.ledap.sk\/wp-content\/uploads\/2023\/01\/ledap_logo2.svg","contentUrl":"https:\/\/www.ledap.sk\/wp-content\/uploads\/2023\/01\/ledap_logo2.svg","width":161,"height":37,"caption":"Ledap s.r.o."},"image":{"@id":"https:\/\/www.ledap.sk\/en\/#\/schema\/logo\/image\/"}}]}},"_links":{"self":[{"href":"https:\/\/www.ledap.sk\/en\/wp-json\/wp\/v2\/pages\/119314","targetHints":{"allow":["GET"]}}],"collection":[{"href":"https:\/\/www.ledap.sk\/en\/wp-json\/wp\/v2\/pages"}],"about":[{"href":"https:\/\/www.ledap.sk\/en\/wp-json\/wp\/v2\/types\/page"}],"author":[{"embeddable":true,"href":"https:\/\/www.ledap.sk\/en\/wp-json\/wp\/v2\/users\/1"}],"replies":[{"embeddable":true,"href":"https:\/\/www.ledap.sk\/en\/wp-json\/wp\/v2\/comments?post=119314"}],"version-history":[{"count":1,"href":"https:\/\/www.ledap.sk\/en\/wp-json\/wp\/v2\/pages\/119314\/revisions"}],"predecessor-version":[{"id":119315,"href":"https:\/\/www.ledap.sk\/en\/wp-json\/wp\/v2\/pages\/119314\/revisions\/119315"}],"wp:attachment":[{"href":"https:\/\/www.ledap.sk\/en\/wp-json\/wp\/v2\/media?parent=119314"}],"curies":[{"name":"wp","href":"https:\/\/api.w.org\/{rel}","templated":true}]}}